{"id":900,"date":"2025-07-01T12:52:31","date_gmt":"2025-07-01T12:52:31","guid":{"rendered":"https:\/\/www.protokolhalilari.com\/?post_type=product&#038;p=900"},"modified":"2025-07-01T12:54:03","modified_gmt":"2025-07-01T12:54:03","slug":"dinarsu-serap-serisi-kaymaz-yolluk-1403135122","status":"publish","type":"product","link":"http:\/\/www.protokolhalilari.com\/en\/product\/dinarsu-serap-serisi-kaymaz-yolluk-1403135122\/","title":{"rendered":"Dinarsu Serap Serisi Kaymaz Yolluk 1403135122"},"content":{"rendered":"<p><strong>Kaymaz Yolluk<\/strong>, <strong>Chromojet bask\u0131 teknolojisi<\/strong> ile desenlendirilen, %100 polyamide solution dyed 6 ipliklerden \u00fcretilmi\u015f y\u00fcksek kaliteli bir \u00fcr\u00fcnd\u00fcr. Polyamide iplik yap\u0131s\u0131 sayesinde canl\u0131 renklerini uzun y\u0131llar korur ve a\u015f\u0131nmalara kar\u015f\u0131 dayan\u0131kl\u0131d\u0131r.<\/p>\n<p>Alt y\u00fczeyi, <strong>woven polypropylene<\/strong> ve <strong>jel taban<\/strong> kombinasyonuyla g\u00fc\u00e7lendirilmi\u015ftir. Bu sayede hem kaymaz \u00f6zelli\u011fe sahiptir hem de zemin \u00fczerinde sabit durur, \u00f6zellikle ev i\u00e7i g\u00fcvenli\u011fi art\u0131r\u0131r. <strong>Koridor, antre, merdiven<\/strong> ve dar alanlarda pratik ve estetik bir \u00e7\u00f6z\u00fcm sunar.<\/p>\n<p>Yumu\u015fak dokusu ve sa\u011flam yap\u0131s\u0131yla hem g\u00f6rsel a\u00e7\u0131dan \u015f\u0131k hem de kullan\u0131\u015fl\u0131 olan bu yolluk, hem modern hem klasik dekorasyon tarzlar\u0131yla uyum sa\u011flar. Temizli\u011fi kolayd\u0131r, d\u00fczenli s\u00fcp\u00fcrme ve nemli bezle silme \u00f6nerilir.<\/p>","protected":false},"excerpt":{"rendered":"<p><strong>Kaymaz Yolluk<\/strong>, %100 polyamide \u00e7\u00f6zg\u00fc boyal\u0131 iplikten \u00fcretilmi\u015f, dayan\u0131kl\u0131 ve renk solmas\u0131na kar\u015f\u0131 diren\u00e7li bir hal\u0131d\u0131r. Jel taban\u0131 sayesinde kaymaz ve g\u00fcvenli kullan\u0131m sunar.<\/p>","protected":false},"featured_media":978,"comment_status":"open","ping_status":"closed","template":"","meta":{"saved_in_kubio":false},"product_brand":[],"product_cat":[322],"product_tag":[323,324,325,326,327,328,329,330,331,332],"class_list":{"0":"post-900","1":"product","2":"type-product","3":"status-publish","4":"has-post-thumbnail","6":"product_cat-yolluk","7":"product_tag-baskili-yolluk","8":"product_tag-chromojet-yolluk","9":"product_tag-cozgu-boyali-hali","10":"product_tag-dekoratif-yolluk","11":"product_tag-ev-tipi-yolluk","12":"product_tag-jel-tabanli-yolluk","13":"product_tag-kaymaz-yolluk","14":"product_tag-koridor-halisi","15":"product_tag-polyamide-yolluk","16":"product_tag-yumusak-yolluk","18":"first","19":"instock","20":"featured","21":"shipping-taxable","22":"product-type-simple"},"aioseo_notices":[],"_links":{"self":[{"href":"http:\/\/www.protokolhalilari.com\/en\/wp-json\/wp\/v2\/product\/900","targetHints":{"allow":["GET"]}}],"collection":[{"href":"http:\/\/www.protokolhalilari.com\/en\/wp-json\/wp\/v2\/product"}],"about":[{"href":"http:\/\/www.protokolhalilari.com\/en\/wp-json\/wp\/v2\/types\/product"}],"replies":[{"embeddable":true,"href":"http:\/\/www.protokolhalilari.com\/en\/wp-json\/wp\/v2\/comments?post=900"}],"wp:featuredmedia":[{"embeddable":true,"href":"http:\/\/www.protokolhalilari.com\/en\/wp-json\/wp\/v2\/media\/978"}],"wp:attachment":[{"href":"http:\/\/www.protokolhalilari.com\/en\/wp-json\/wp\/v2\/media?parent=900"}],"wp:term":[{"taxonomy":"product_brand","embeddable":true,"href":"http:\/\/www.protokolhalilari.com\/en\/wp-json\/wp\/v2\/product_brand?post=900"},{"taxonomy":"product_cat","embeddable":true,"href":"http:\/\/www.protokolhalilari.com\/en\/wp-json\/wp\/v2\/product_cat?post=900"},{"taxonomy":"product_tag","embeddable":true,"href":"http:\/\/www.protokolhalilari.com\/en\/wp-json\/wp\/v2\/product_tag?post=900"}],"curies":[{"name":"wp","href":"https:\/\/api.w.org\/{rel}","templated":true}]}}