{"id":848,"date":"2025-07-01T12:50:12","date_gmt":"2025-07-01T12:50:12","guid":{"rendered":"https:\/\/www.protokolhalilari.com\/?post_type=product&#038;p=848"},"modified":"2025-07-01T12:53:31","modified_gmt":"2025-07-01T12:53:31","slug":"advance-13-210-siyah-cim-hali","status":"publish","type":"product","link":"http:\/\/www.protokolhalilari.com\/en\/product\/advance-13-210-siyah-cim-hali\/","title":{"rendered":"Advance 13-210 Siyah \u00c7im Hal\u0131"},"content":{"rendered":"<h2>Advance 13-210 Siyah \u00c7im Hal\u0131<\/h2>\n<p>Advance 13-210 modeli siyah \u00e7im hal\u0131, d\u0131\u015f mek\u00e2n uygulamalar\u0131 i\u00e7in \u00f6zel olarak \u00fcretilmi\u015f ithal bir \u00fcr\u00fcnd\u00fcr. Estetik siyah g\u00f6r\u00fcn\u00fcm\u00fc ve dayan\u0131kl\u0131 yap\u0131s\u0131yla, profesyonel projelerde s\u0131kl\u0131kla tercih edilmektedir.<\/p>\n<p>Bu \u00fcr\u00fcn, yaln\u0131zca sipari\u015f \u00fczerine teslim edilmekte olup stoklar\u0131m\u0131zda y\u00fcksek miktarlarda bulunmamaktad\u0131r. Bu nedenle, tedarik s\u00fcreci i\u00e7in bizimle do\u011frudan ileti\u015fime ge\u00e7meniz \u00f6nemlidir. \u00dcr\u00fcn enleri 200 cm ve 400 cm olup, standart uzunluk 25 metredir.<\/p>\n<ul>\n<li>Minimum sipari\u015f: 300 m\u00b2<\/li>\n<li>200 cm x 25 m = 50 m\u00b2<\/li>\n<li>400 cm x 25 m = 100 m\u00b2<\/li>\n<li>\u0130thal \u00fcr\u00fcnd\u00fcr<\/li>\n<li>Sadece sipari\u015f \u00fczerine teslim<\/li>\n<\/ul>\n<p>Uygulama yap\u0131lacak alana \u00f6zel ebatland\u0131rma ve teklif i\u00e7in \u00dcr\u00fcn Rehberi Bakabilirsiniz .<\/p>","protected":false},"excerpt":{"rendered":"<p>Advance 13-210 siyah \u00e7im hal\u0131, ithal bir \u00fcr\u00fcnd\u00fcr ve sipari\u015f \u00fczerine temin edilir. Minimum sipari\u015f miktar\u0131 300 m\u00b2\u2019dir. L\u00fctfen bizimle ileti\u015fime ge\u00e7in.<\/p>","protected":false},"featured_media":945,"comment_status":"open","ping_status":"closed","template":"","meta":{"saved_in_kubio":false},"product_brand":[],"product_cat":[72],"product_tag":[305,306,307,308,309,310,311,312],"class_list":{"0":"post-848","1":"product","2":"type-product","3":"status-publish","4":"has-post-thumbnail","6":"product_cat-cim-hali","7":"product_tag-200-cm-cim-hali","8":"product_tag-300-m2-minimum-hali","9":"product_tag-400-cm-genis-hali","10":"product_tag-advance-13-210","11":"product_tag-dis-mekan-halisi","12":"product_tag-ithal-cim-hali","13":"product_tag-siparis-uzerine-hali","14":"product_tag-siyah-cim-hali","16":"first","17":"instock","18":"featured","19":"shipping-taxable","20":"purchasable","21":"product-type-simple"},"aioseo_notices":[],"_links":{"self":[{"href":"http:\/\/www.protokolhalilari.com\/en\/wp-json\/wp\/v2\/product\/848","targetHints":{"allow":["GET"]}}],"collection":[{"href":"http:\/\/www.protokolhalilari.com\/en\/wp-json\/wp\/v2\/product"}],"about":[{"href":"http:\/\/www.protokolhalilari.com\/en\/wp-json\/wp\/v2\/types\/product"}],"replies":[{"embeddable":true,"href":"http:\/\/www.protokolhalilari.com\/en\/wp-json\/wp\/v2\/comments?post=848"}],"wp:featuredmedia":[{"embeddable":true,"href":"http:\/\/www.protokolhalilari.com\/en\/wp-json\/wp\/v2\/media\/945"}],"wp:attachment":[{"href":"http:\/\/www.protokolhalilari.com\/en\/wp-json\/wp\/v2\/media?parent=848"}],"wp:term":[{"taxonomy":"product_brand","embeddable":true,"href":"http:\/\/www.protokolhalilari.com\/en\/wp-json\/wp\/v2\/product_brand?post=848"},{"taxonomy":"product_cat","embeddable":true,"href":"http:\/\/www.protokolhalilari.com\/en\/wp-json\/wp\/v2\/product_cat?post=848"},{"taxonomy":"product_tag","embeddable":true,"href":"http:\/\/www.protokolhalilari.com\/en\/wp-json\/wp\/v2\/product_tag?post=848"}],"curies":[{"name":"wp","href":"https:\/\/api.w.org\/{rel}","templated":true}]}}