{"id":827,"date":"2025-07-01T12:49:42","date_gmt":"2025-07-01T12:49:42","guid":{"rendered":"https:\/\/www.protokolhalilari.com\/?post_type=product&#038;p=827"},"modified":"2025-07-01T12:52:47","modified_gmt":"2025-07-01T12:52:47","slug":"paris-temali-toz-tutucu-kaucuk-kapi-onu-paspasi-bordo","status":"publish","type":"product","link":"http:\/\/www.protokolhalilari.com\/en\/product\/paris-temali-toz-tutucu-kaucuk-kapi-onu-paspasi-bordo\/","title":{"rendered":"Paris Temal\u0131 Toz Tutucu Kau\u00e7uk Kap\u0131 \u00d6n\u00fc Paspas\u0131 Bordo"},"content":{"rendered":"<h2>Paris Temal\u0131 Toz Tutucu Kau\u00e7uk Kap\u0131 \u00d6n\u00fc Paspas\u0131 Bordo<\/h2>\n<p>Estetik Paris temas\u0131yla tasarlanm\u0131\u015f bu bordo renkli paspas, hem \u015f\u0131k hem de i\u015flevseldir. Birinci s\u0131n\u0131f kau\u00e7uk malzemeden \u00fcretilmi\u015f olup d\u0131\u015f ortamlarda dayan\u0131kl\u0131d\u0131r. Kaymaz taban\u0131 sayesinde g\u00fcvenli kullan\u0131m sa\u011flar. Toz ve kir tutma \u00f6zelli\u011fiyle evinizin temizli\u011fine katk\u0131da bulunur.<\/p>\n<ul>\n<li>Paris temal\u0131 tasar\u0131m<\/li>\n<li>Birinci s\u0131n\u0131f kau\u00e7uk malzeme<\/li>\n<li>Kaymaz taban<\/li>\n<li>Toz ve kir tutucu y\u00fczey<\/li>\n<li>\u00dcr\u00fcn \u00f6l\u00e7\u00fcs\u00fc: 45 x 75 cm<\/li>\n<li>T\u00fcrkiye\u2019de \u00fcretilmi\u015ftir<\/li>\n<\/ul>\n<p>\u015e\u0131kl\u0131k ve temizlik arayanlar i\u00e7in ideal bir kap\u0131 \u00f6n\u00fc paspas\u0131.<\/p>","protected":false},"excerpt":{"rendered":"<p>Paris temal\u0131 bordo paspas, birinci s\u0131n\u0131f kau\u00e7uk malzemeden \u00fcretilmi\u015ftir. Kaymaz tabanl\u0131, toz ve kir tutucudur. \u00d6l\u00e7\u00fc: 45&#215;75 cm. T\u00fcrkiye \u00fcretimi.<\/p>","protected":false},"featured_media":905,"comment_status":"open","ping_status":"closed","template":"","meta":{"saved_in_kubio":false},"product_brand":[],"product_cat":[244],"product_tag":[284,285,269,264,282,286,277,251],"class_list":{"0":"post-827","1":"product","2":"type-product","3":"status-publish","4":"has-post-thumbnail","6":"product_cat-kapi-onu-paspaslari","7":"product_tag-45x75-paspas","8":"product_tag-bordo-paspas","9":"product_tag-kapi-onu-paspasi","10":"product_tag-kaucuk-paspas","11":"product_tag-kaymaz-paspas","12":"product_tag-paris-temali-paspas","13":"product_tag-toz-tutucu-paspas","14":"product_tag-turkiye-uretimi","16":"first","17":"instock","18":"featured","19":"shipping-taxable","20":"product-type-simple"},"aioseo_notices":[],"_links":{"self":[{"href":"http:\/\/www.protokolhalilari.com\/en\/wp-json\/wp\/v2\/product\/827","targetHints":{"allow":["GET"]}}],"collection":[{"href":"http:\/\/www.protokolhalilari.com\/en\/wp-json\/wp\/v2\/product"}],"about":[{"href":"http:\/\/www.protokolhalilari.com\/en\/wp-json\/wp\/v2\/types\/product"}],"replies":[{"embeddable":true,"href":"http:\/\/www.protokolhalilari.com\/en\/wp-json\/wp\/v2\/comments?post=827"}],"wp:featuredmedia":[{"embeddable":true,"href":"http:\/\/www.protokolhalilari.com\/en\/wp-json\/wp\/v2\/media\/905"}],"wp:attachment":[{"href":"http:\/\/www.protokolhalilari.com\/en\/wp-json\/wp\/v2\/media?parent=827"}],"wp:term":[{"taxonomy":"product_brand","embeddable":true,"href":"http:\/\/www.protokolhalilari.com\/en\/wp-json\/wp\/v2\/product_brand?post=827"},{"taxonomy":"product_cat","embeddable":true,"href":"http:\/\/www.protokolhalilari.com\/en\/wp-json\/wp\/v2\/product_cat?post=827"},{"taxonomy":"product_tag","embeddable":true,"href":"http:\/\/www.protokolhalilari.com\/en\/wp-json\/wp\/v2\/product_tag?post=827"}],"curies":[{"name":"wp","href":"https:\/\/api.w.org\/{rel}","templated":true}]}}