{"id":806,"date":"2025-07-01T12:49:16","date_gmt":"2025-07-01T12:49:16","guid":{"rendered":"https:\/\/www.protokolhalilari.com\/?post_type=product&#038;p=806"},"modified":"2025-07-01T12:50:54","modified_gmt":"2025-07-01T12:50:54","slug":"comfot-mat-havuzlu-camur-ve-kir-siyirici-kapi-onu-paspasi-mor","status":"publish","type":"product","link":"http:\/\/www.protokolhalilari.com\/en\/product\/comfot-mat-havuzlu-camur-ve-kir-siyirici-kapi-onu-paspasi-mor\/","title":{"rendered":"Comfot Mat Havuzlu \u00c7amur ve Kir S\u0131y\u0131r\u0131c\u0131 Kap\u0131 \u00d6n\u00fc Paspas\u0131 Mor"},"content":{"rendered":"<h2>Comfort Mat Havuzlu \u00c7amur ve Kir S\u0131y\u0131r\u0131c\u0131 Kap\u0131 \u00d6n\u00fc Paspas\u0131 &#8211; Mor<\/h2>\n<p>\u00d6zel yorgunluk alan yap\u0131s\u0131na sahip, mor renkli Comfort Mat havuzlu kap\u0131 \u00f6n\u00fc paspas\u0131, y\u00fcksek kaliteli ithal PVC malzemeden \u00fcretilmi\u015ftir. Toz, kir ve \u00e7amuru etkili \u015fekilde s\u0131y\u0131r\u0131r, ev veya i\u015f yerinizin giri\u015finde kullan\u0131m i\u00e7in idealdir.<\/p>\n<ul>\n<li>Toz, kir ve \u00e7amur s\u0131y\u0131r\u0131c\u0131 \u00f6zellik<\/li>\n<li>Kaymaz ve kal\u0131n \u00e7er\u00e7eveli taban<\/li>\n<li>Y\u0131kanabilir ve kolay temizlenir<\/li>\n<li>\u00d6l\u00e7\u00fc: 45 cm x 70 cm<\/li>\n<li>\u00c7in&#8217;de \u00fcretilmi\u015ftir<\/li>\n<\/ul>\n<p>Dayan\u0131kl\u0131 yap\u0131s\u0131 ve konfor sa\u011flayan tasar\u0131m\u0131yla uzun s\u00fcreli kullan\u0131m sa\u011flar.<\/p>","protected":false},"excerpt":{"rendered":"<p>Mor Comfort Mat havuzlu kap\u0131 \u00f6n\u00fc paspas\u0131. \u0130thal PVC malzemeden, kaymaz tabanl\u0131, y\u0131kanabilir. Toz, kir ve \u00e7amura kar\u015f\u0131 korur. \u00d6l\u00e7\u00fc: 45&#215;70 cm. \u00c7in \u00fcretimi.<\/p>","protected":false},"featured_media":867,"comment_status":"open","ping_status":"closed","template":"","meta":{"saved_in_kubio":false},"product_brand":[],"product_cat":[244],"product_tag":[245,254,261,256,257,258,259,250,252],"class_list":{"0":"post-806","1":"product","2":"type-product","3":"status-publish","4":"has-post-thumbnail","6":"product_cat-kapi-onu-paspaslari","7":"product_tag-45x70-paspas","8":"product_tag-cin-uretimi","9":"product_tag-comfort-mat-havuzlu-paspas","10":"product_tag-kaymaz-taban","11":"product_tag-kir-paspasi","12":"product_tag-mor-kapi-paspasi","13":"product_tag-pvc-paspas","14":"product_tag-toz-siyirici-paspas","15":"product_tag-yikanabilir-paspas","17":"first","18":"instock","19":"featured","20":"shipping-taxable","21":"product-type-simple"},"aioseo_notices":[],"_links":{"self":[{"href":"http:\/\/www.protokolhalilari.com\/en\/wp-json\/wp\/v2\/product\/806","targetHints":{"allow":["GET"]}}],"collection":[{"href":"http:\/\/www.protokolhalilari.com\/en\/wp-json\/wp\/v2\/product"}],"about":[{"href":"http:\/\/www.protokolhalilari.com\/en\/wp-json\/wp\/v2\/types\/product"}],"replies":[{"embeddable":true,"href":"http:\/\/www.protokolhalilari.com\/en\/wp-json\/wp\/v2\/comments?post=806"}],"wp:featuredmedia":[{"embeddable":true,"href":"http:\/\/www.protokolhalilari.com\/en\/wp-json\/wp\/v2\/media\/867"}],"wp:attachment":[{"href":"http:\/\/www.protokolhalilari.com\/en\/wp-json\/wp\/v2\/media?parent=806"}],"wp:term":[{"taxonomy":"product_brand","embeddable":true,"href":"http:\/\/www.protokolhalilari.com\/en\/wp-json\/wp\/v2\/product_brand?post=806"},{"taxonomy":"product_cat","embeddable":true,"href":"http:\/\/www.protokolhalilari.com\/en\/wp-json\/wp\/v2\/product_cat?post=806"},{"taxonomy":"product_tag","embeddable":true,"href":"http:\/\/www.protokolhalilari.com\/en\/wp-json\/wp\/v2\/product_tag?post=806"}],"curies":[{"name":"wp","href":"https:\/\/api.w.org\/{rel}","templated":true}]}}