{"id":803,"date":"2025-07-01T12:49:16","date_gmt":"2025-07-01T12:49:16","guid":{"rendered":"https:\/\/www.protokolhalilari.com\/?post_type=product&#038;p=803"},"modified":"2025-07-01T12:50:19","modified_gmt":"2025-07-01T12:50:19","slug":"benekli-halidan-camur-ve-toz-siyirici-cerceveli-kapi-onu-paspasi","status":"publish","type":"product","link":"http:\/\/www.protokolhalilari.com\/en\/product\/benekli-halidan-camur-ve-toz-siyirici-cerceveli-kapi-onu-paspasi\/","title":{"rendered":"Benekli Hal\u0131dan \u00c7amur ve Toz S\u0131y\u0131r\u0131c\u0131 \u00c7er\u00e7eveli Kap\u0131 \u00d6n\u00fc Paspas\u0131"},"content":{"rendered":"<h2>Benekli Hal\u0131dan \u00c7amur ve Toz S\u0131y\u0131r\u0131c\u0131 Kap\u0131 \u00d6n\u00fc Paspas\u0131<\/h2>\n<p>\u00dcst y\u00fczeyi benekli bukle hal\u0131dan yap\u0131lm\u0131\u015f bu kap\u0131 \u00f6n\u00fc paspas\u0131, toz, kir ve \u00e7amurdan etkili koruma sa\u011flar. Ev veya i\u015f yerinizin giri\u015finde ideal bir temizleyicidir.<\/p>\n<ul>\n<li>Toz, kir ve \u00e7amur s\u0131y\u0131r\u0131c\u0131 \u00f6zellik<\/li>\n<li>Kaymaz, kal\u0131n \u00e7er\u00e7eveli taban<\/li>\n<li>Y\u0131kanabilir ve kolay temizlenir<\/li>\n<li>\u00dcr\u00fcn \u00f6l\u00e7\u00fcs\u00fc: 45 cm x 70 cm<\/li>\n<li>T\u00fcrkiye\u2019de \u00fcretilmi\u015ftir<\/li>\n<\/ul>\n<p>Dayan\u0131kl\u0131 yap\u0131s\u0131 ve estetik tasar\u0131m\u0131yla uzun \u00f6m\u00fcrl\u00fc kullan\u0131m sa\u011flar.<\/p>","protected":false},"excerpt":{"rendered":"<p>Benekli hal\u0131dan \u00e7amur ve toz s\u0131y\u0131r\u0131c\u0131 \u00e7er\u00e7eveli kap\u0131 \u00f6n\u00fc paspas\u0131. Kaymaz, kal\u0131n \u00e7er\u00e7eveli taban\u0131yla g\u00fcvenli ve y\u0131kanabilir. \u00d6l\u00e7\u00fc: 45&#215;70 cm. T\u00fcrkiye \u00fcretimi.<\/p>","protected":false},"featured_media":857,"comment_status":"open","ping_status":"closed","template":"","meta":{"saved_in_kubio":false},"product_brand":[],"product_cat":[244],"product_tag":[245,253,247,248,249,250,251,252],"class_list":{"0":"post-803","1":"product","2":"type-product","3":"status-publish","4":"has-post-thumbnail","6":"product_cat-kapi-onu-paspaslari","7":"product_tag-45x70-paspas","8":"product_tag-benekli-kapi-paspasi","9":"product_tag-bukle-hali-paspas","10":"product_tag-camur-paspasi","11":"product_tag-kaymaz-tabanli-paspas","12":"product_tag-toz-siyirici-paspas","13":"product_tag-turkiye-uretimi","14":"product_tag-yikanabilir-paspas","16":"first","17":"instock","18":"featured","19":"shipping-taxable","20":"product-type-simple"},"aioseo_notices":[],"_links":{"self":[{"href":"http:\/\/www.protokolhalilari.com\/en\/wp-json\/wp\/v2\/product\/803","targetHints":{"allow":["GET"]}}],"collection":[{"href":"http:\/\/www.protokolhalilari.com\/en\/wp-json\/wp\/v2\/product"}],"about":[{"href":"http:\/\/www.protokolhalilari.com\/en\/wp-json\/wp\/v2\/types\/product"}],"replies":[{"embeddable":true,"href":"http:\/\/www.protokolhalilari.com\/en\/wp-json\/wp\/v2\/comments?post=803"}],"wp:featuredmedia":[{"embeddable":true,"href":"http:\/\/www.protokolhalilari.com\/en\/wp-json\/wp\/v2\/media\/857"}],"wp:attachment":[{"href":"http:\/\/www.protokolhalilari.com\/en\/wp-json\/wp\/v2\/media?parent=803"}],"wp:term":[{"taxonomy":"product_brand","embeddable":true,"href":"http:\/\/www.protokolhalilari.com\/en\/wp-json\/wp\/v2\/product_brand?post=803"},{"taxonomy":"product_cat","embeddable":true,"href":"http:\/\/www.protokolhalilari.com\/en\/wp-json\/wp\/v2\/product_cat?post=803"},{"taxonomy":"product_tag","embeddable":true,"href":"http:\/\/www.protokolhalilari.com\/en\/wp-json\/wp\/v2\/product_tag?post=803"}],"curies":[{"name":"wp","href":"https:\/\/api.w.org\/{rel}","templated":true}]}}