{"id":605,"date":"2025-07-01T12:44:22","date_gmt":"2025-07-01T12:44:22","guid":{"rendered":"https:\/\/www.protokolhalilari.com\/?post_type=product&#038;p=605"},"modified":"2025-07-01T12:47:34","modified_gmt":"2025-07-01T12:47:34","slug":"hali-kesim-bicagi","status":"publish","type":"product","link":"http:\/\/www.protokolhalilari.com\/en\/product\/hali-kesim-bicagi\/","title":{"rendered":"Hal\u0131 Kesim B\u0131\u00e7a\u011f\u0131"},"content":{"rendered":"<div class=\"product-description\">\n<h2>Ergonomik Al\u00fcminyum G\u00f6vdeli \u00c7ok Ama\u00e7l\u0131 Kesici<\/h2>\n<p>Bu \u00e7ok ama\u00e7l\u0131 kesici, dayan\u0131kl\u0131 <strong>al\u00fcminyum g\u00f6vdesi<\/strong> sayesinde uzun \u00f6m\u00fcrl\u00fc bir kullan\u0131m sunar. Geli\u015ftirilmi\u015f yap\u0131s\u0131 ve ergonomik tasar\u0131m\u0131yla hem profesyonellerin hem de ev kullan\u0131c\u0131lar\u0131n\u0131n vazge\u00e7ilmezi olmaya adayd\u0131r.<\/p>\n<ul>\n<li><strong>Koruyucu k\u0131l\u0131f\u0131<\/strong> sayesinde ta\u015f\u0131ma s\u0131ras\u0131nda g\u00fcvenli kullan\u0131m sa\u011flar.<\/li>\n<li><strong>\u00c7engelli b\u0131\u00e7ak tasar\u0131m\u0131<\/strong>, en ideal a\u00e7\u0131da kesim yapma imk\u00e2n\u0131 sunar.<\/li>\n<li><strong>K\u0131vr\u0131ml\u0131 yap\u0131s\u0131<\/strong> avu\u00e7 i\u00e7ine m\u00fckemmel oturarak uzun s\u00fcreli kullan\u0131mda konfor sa\u011flar.<\/li>\n<li><strong>B\u0131\u00e7aklar\u0131 kolayl\u0131kla de\u011fi\u015ftirilebilir<\/strong>, bu da zaman ve maliyet tasarrufu sa\u011flar.<\/li>\n<li>Hal\u0131, mantar, vinil zemin kaplamalar\u0131, koli gibi bir\u00e7ok malzemeyi zahmetsizce keser.<\/li>\n<li>Ayr\u0131ca fidan gibi <strong>bitkileri kesme<\/strong> \u00f6zelli\u011fi ile bah\u00e7e i\u015flerinde de pratik bir \u00e7\u00f6z\u00fcmd\u00fcr.<\/li>\n<\/ul>\n<p>Hem i\u00e7 mek\u00e2n uygulamalar\u0131 hem de d\u0131\u015f mek\u00e2n kullan\u0131m\u0131 i\u00e7in ideal olan bu kesici, <strong>\u00e7ok y\u00f6nl\u00fc performans ve g\u00fcvenli\u011fi<\/strong> bir arada sunar.<\/p>\n<\/div>","protected":false},"excerpt":{"rendered":"<p>Dayan\u0131kl\u0131 al\u00fcminyum g\u00f6vdeye sahip \u00e7ok ama\u00e7l\u0131 kesici, ergonomik yap\u0131s\u0131 ve de\u011fi\u015ftirilebilir b\u0131\u00e7aklar\u0131yla hem i\u00e7 hem d\u0131\u015f mekan kesim i\u015fleri i\u00e7in idealdir.<\/p>","protected":false},"featured_media":698,"comment_status":"open","ping_status":"closed","template":"","meta":{"saved_in_kubio":false},"product_brand":[],"product_cat":[134],"product_tag":[155,156,157,158,159,160,161,162],"class_list":{"0":"post-605","1":"product","2":"type-product","3":"status-publish","4":"has-post-thumbnail","6":"product_cat-hali-aletleri","7":"product_tag-aluminyum-bicak","8":"product_tag-bahce-makasi","9":"product_tag-cok-amacli-bicak","10":"product_tag-el-aleti","11":"product_tag-ergonomik-kesici","12":"product_tag-hali-kesici","13":"product_tag-profesyonel-kesici","14":"product_tag-vinil-kesici","16":"first","17":"instock","18":"featured","19":"shipping-taxable","20":"purchasable","21":"product-type-simple"},"aioseo_notices":[],"_links":{"self":[{"href":"http:\/\/www.protokolhalilari.com\/en\/wp-json\/wp\/v2\/product\/605","targetHints":{"allow":["GET"]}}],"collection":[{"href":"http:\/\/www.protokolhalilari.com\/en\/wp-json\/wp\/v2\/product"}],"about":[{"href":"http:\/\/www.protokolhalilari.com\/en\/wp-json\/wp\/v2\/types\/product"}],"replies":[{"embeddable":true,"href":"http:\/\/www.protokolhalilari.com\/en\/wp-json\/wp\/v2\/comments?post=605"}],"wp:featuredmedia":[{"embeddable":true,"href":"http:\/\/www.protokolhalilari.com\/en\/wp-json\/wp\/v2\/media\/698"}],"wp:attachment":[{"href":"http:\/\/www.protokolhalilari.com\/en\/wp-json\/wp\/v2\/media?parent=605"}],"wp:term":[{"taxonomy":"product_brand","embeddable":true,"href":"http:\/\/www.protokolhalilari.com\/en\/wp-json\/wp\/v2\/product_brand?post=605"},{"taxonomy":"product_cat","embeddable":true,"href":"http:\/\/www.protokolhalilari.com\/en\/wp-json\/wp\/v2\/product_cat?post=605"},{"taxonomy":"product_tag","embeddable":true,"href":"http:\/\/www.protokolhalilari.com\/en\/wp-json\/wp\/v2\/product_tag?post=605"}],"curies":[{"name":"wp","href":"https:\/\/api.w.org\/{rel}","templated":true}]}}