{"id":587,"date":"2025-07-01T12:43:57","date_gmt":"2025-07-01T12:43:57","guid":{"rendered":"https:\/\/www.protokolhalilari.com\/?post_type=product&#038;p=587"},"modified":"2025-07-01T12:46:58","modified_gmt":"2025-07-01T12:46:58","slug":"hali-circiri-karistiricisi","status":"publish","type":"product","link":"http:\/\/www.protokolhalilari.com\/en\/product\/hali-circiri-karistiricisi\/","title":{"rendered":"Hal\u0131 C\u0131rc\u0131r\u0131 (Kar\u0131\u015ft\u0131r\u0131c\u0131s\u0131)"},"content":{"rendered":"<div class=\"product-description\">\n<h2>Hal\u0131 C\u0131rc\u0131r\u0131 &#8211; Profesyonel Hal\u0131 D\u00f6\u015feme Yard\u0131mc\u0131n\u0131z<\/h2>\n<p><strong>Hal\u0131 c\u0131rc\u0131r\u0131<\/strong>, hal\u0131 d\u00f6\u015feme i\u015flemlerinde kullan\u0131lan, hal\u0131 y\u00f6nlerinin taranarak hav dokusunun uyumlu hale getirilmesini sa\u011flayan \u00f6nemli bir ekipmand\u0131r. Hal\u0131 t\u00fcylerinin ayn\u0131 y\u00f6ne bakmas\u0131 sa\u011flanarak estetik ve profesyonel bir g\u00f6r\u00fcn\u00fcm elde edilir.<\/p>\n<p>Bu \u00fcr\u00fcn \u00f6zellikle <strong>ek yerlerinin g\u00f6r\u00fcnmemesi<\/strong> gereken zeminlerde, kusursuz bir birle\u015fim sunmak i\u00e7in tercih edilmektedir. Hal\u0131 c\u0131rc\u0131r\u0131; hal\u0131 d\u00f6\u015feme s\u0131ras\u0131nda kullan\u0131lan <strong>hal\u0131 \u00fct\u00fc makinesi<\/strong> ile birlikte, ek yerlerine uygulanan \u00fct\u00fc band\u0131n\u0131n ard\u0131ndan hal\u0131ya bask\u0131 yap\u0131larak <strong>daha g\u00fc\u00e7l\u00fc bir tutunma<\/strong> elde edilmesini sa\u011flar.<\/p>\n<ul>\n<li>Hal\u0131 hav\u0131n\u0131 d\u00fczeltir, y\u00f6n uyumu sa\u011flar.<\/li>\n<li>Ek yerlerinin g\u00f6r\u00fcn\u00fcrl\u00fc\u011f\u00fcn\u00fc minimize eder.<\/li>\n<li>\u00dct\u00fcleme sonras\u0131 g\u00fc\u00e7l\u00fc yap\u0131\u015fmay\u0131 destekler.<\/li>\n<li>Profesyonel d\u00f6\u015feme uygulamalar\u0131nda vazge\u00e7ilmezdir.<\/li>\n<\/ul>\n<p>Hal\u0131 d\u00f6\u015feme kalitesini art\u0131rmak ve uzun \u00f6m\u00fcrl\u00fc sonu\u00e7lar elde etmek i\u00e7in <strong>hal\u0131 c\u0131rc\u0131r\u0131<\/strong> kullan\u0131m\u0131 tavsiye edilmektedir.<\/p>\n<\/div>","protected":false},"excerpt":{"rendered":"<p><strong>Hal\u0131 C\u0131rc\u0131r\u0131<\/strong>, hal\u0131 t\u00fcylerinin y\u00f6n\u00fcn\u00fc d\u00fczenleyerek uyumlu bir g\u00f6r\u00fcn\u00fcm sa\u011flar. Ek yerlerinde g\u00f6r\u00fcnmezlik ve g\u00fc\u00e7l\u00fc tutunma i\u00e7in profesyonel bir \u00e7\u00f6z\u00fcmd\u00fcr.<\/p>","protected":false},"featured_media":678,"comment_status":"open","ping_status":"closed","template":"","meta":{"saved_in_kubio":false},"product_brand":[],"product_cat":[134],"product_tag":[135,136,137,138,139,140,141],"class_list":{"0":"post-587","1":"product","2":"type-product","3":"status-publish","4":"has-post-thumbnail","6":"product_cat-hali-aletleri","7":"product_tag-hali-circiri","8":"product_tag-hali-doseme-ekipmani","9":"product_tag-hali-ek-yeri-araci","10":"product_tag-hali-sikma-araci","11":"product_tag-hali-utu-makinasi","12":"product_tag-hali-yon-duzenleyici","13":"product_tag-profesyonel-hali-araclari","15":"first","16":"instock","17":"featured","18":"shipping-taxable","19":"purchasable","20":"product-type-simple"},"aioseo_notices":[],"_links":{"self":[{"href":"http:\/\/www.protokolhalilari.com\/en\/wp-json\/wp\/v2\/product\/587","targetHints":{"allow":["GET"]}}],"collection":[{"href":"http:\/\/www.protokolhalilari.com\/en\/wp-json\/wp\/v2\/product"}],"about":[{"href":"http:\/\/www.protokolhalilari.com\/en\/wp-json\/wp\/v2\/types\/product"}],"replies":[{"embeddable":true,"href":"http:\/\/www.protokolhalilari.com\/en\/wp-json\/wp\/v2\/comments?post=587"}],"wp:featuredmedia":[{"embeddable":true,"href":"http:\/\/www.protokolhalilari.com\/en\/wp-json\/wp\/v2\/media\/678"}],"wp:attachment":[{"href":"http:\/\/www.protokolhalilari.com\/en\/wp-json\/wp\/v2\/media?parent=587"}],"wp:term":[{"taxonomy":"product_brand","embeddable":true,"href":"http:\/\/www.protokolhalilari.com\/en\/wp-json\/wp\/v2\/product_brand?post=587"},{"taxonomy":"product_cat","embeddable":true,"href":"http:\/\/www.protokolhalilari.com\/en\/wp-json\/wp\/v2\/product_cat?post=587"},{"taxonomy":"product_tag","embeddable":true,"href":"http:\/\/www.protokolhalilari.com\/en\/wp-json\/wp\/v2\/product_tag?post=587"}],"curies":[{"name":"wp","href":"https:\/\/api.w.org\/{rel}","templated":true}]}}