{"id":465,"date":"2025-07-01T12:42:14","date_gmt":"2025-07-01T12:42:14","guid":{"rendered":"https:\/\/www.protokolhalilari.com\/?post_type=product&#038;p=465"},"modified":"2025-07-01T12:42:50","modified_gmt":"2025-07-01T12:42:50","slug":"advance-13-210-fusya-cim-hali","status":"publish","type":"product","link":"http:\/\/www.protokolhalilari.com\/en\/product\/advance-13-210-fusya-cim-hali\/","title":{"rendered":"Advance 13-210 Fu\u015fya \u00c7im Hal\u0131"},"content":{"rendered":"<p>\u00dcretim Tekni\u011fi : Tufting ( Kesik Havl\u0131 )<br \/>\n\u00dcretim \u0130pli\u011fi : PE + PP<br \/>\n\u0130plik Tipi : 3 \/ 16 Kesik Hav<br \/>\nRenk : Fu\u015fya<br \/>\nS\u0131rt Kaplama : Poli\u00fcretan<br \/>\nTop Geni\u015fi\u011fi : 2 &#8211; 4m<br \/>\nTop Uzunlu\u011fu : 25m<br \/>\nHav A\u011f\u0131rl\u0131\u011f\u0131 : 1319 gr\/m2<br \/>\nToplam A\u011f\u0131rl\u0131k : 2184 gr\/m2<br \/>\nHav Y\u00fcksekli\u011fi :13mm<br \/>\nToplam Y\u00fckseklik : 15mm<br \/>\nAte\u015fe Dayan\u0131kl\u0131l\u0131k Standard\u0131:  Efl<br \/>\nUV I\u015f\u0131nlar\u0131na Dayan\u0131kl\u0131l\u0131k : 3000 Xenon Saati<br \/>\nUluslararas\u0131 Tenis Federasyonu taraf\u0131ndan onayl\u0131d\u0131r.<\/p>","protected":false},"excerpt":{"rendered":"<p><strong>\u0130thal \u00fcr\u00fcn \u2013 yaln\u0131zca sipari\u015f \u00fczerine temin edilmektedir.<\/strong><\/p>\n<ul>\n<li>Minimum sipari\u015f miktar\u0131: <strong>300 m\u00b2<\/strong><\/li>\n<li>Stokta s\u0131n\u0131rl\u0131 say\u0131da bulunmaktad\u0131r<\/li>\n<li>L\u00fctfen sipari\u015f i\u00e7in aray\u0131n\u0131z: <strong>0212 477 02 90<\/strong><\/li>\n<li>En \u00f6l\u00e7\u00fcleri: <strong>200 cm<\/strong> ve <strong>400 cm<\/strong><\/li>\n<li>Ortalama uzunluk: <strong>25 metre<\/strong><\/li>\n<li>2 m x 25 m = <strong>50 m\u00b2<\/strong><\/li>\n<li>4 m x 25 m = <strong>100 m\u00b2<\/strong><\/li>\n<\/ul>","protected":false},"featured_media":512,"comment_status":"open","ping_status":"closed","template":"","meta":{"saved_in_kubio":false},"product_brand":[],"product_cat":[72],"product_tag":[73,74,75,76,77,78,79,80,81,82,83,84,85,86,87,88,89,90,91,92,93,94,95,96,97],"class_list":{"0":"post-465","1":"product","2":"type-product","3":"status-publish","4":"has-post-thumbnail","6":"product_cat-cim-hali","7":"product_tag-acik-alan-cim-hali","8":"product_tag-atese-dayanikli-cim","9":"product_tag-bahce-cimi","10":"product_tag-cim-hali","11":"product_tag-cim-hali-kaplama","12":"product_tag-cim-zemin-kaplama","13":"product_tag-dekoratif-cim","14":"product_tag-dis-mekan-cimi","15":"product_tag-etkinlik-cimi","16":"product_tag-futbol-sahasi-cimi","17":"product_tag-hali-cim","18":"product_tag-hali-saha-cimi","19":"product_tag-ic-mekan-cimi","20":"product_tag-kesik-havli-cim","21":"product_tag-kiremit-cim-hali","22":"product_tag-kirmizi-cim-hali","23":"product_tag-pe-cim","24":"product_tag-peyzaj-cimi","25":"product_tag-pp-cim","26":"product_tag-renkli-cim-hali","27":"product_tag-suni-cim","28":"product_tag-tufting-cim","29":"product_tag-uv-dayanikli-cim","30":"product_tag-yapay-cim","31":"product_tag-yesil-cim-hali","33":"first","34":"instock","35":"featured","36":"shipping-taxable","37":"purchasable","38":"product-type-simple"},"aioseo_notices":[],"_links":{"self":[{"href":"http:\/\/www.protokolhalilari.com\/en\/wp-json\/wp\/v2\/product\/465","targetHints":{"allow":["GET"]}}],"collection":[{"href":"http:\/\/www.protokolhalilari.com\/en\/wp-json\/wp\/v2\/product"}],"about":[{"href":"http:\/\/www.protokolhalilari.com\/en\/wp-json\/wp\/v2\/types\/product"}],"replies":[{"embeddable":true,"href":"http:\/\/www.protokolhalilari.com\/en\/wp-json\/wp\/v2\/comments?post=465"}],"wp:featuredmedia":[{"embeddable":true,"href":"http:\/\/www.protokolhalilari.com\/en\/wp-json\/wp\/v2\/media\/512"}],"wp:attachment":[{"href":"http:\/\/www.protokolhalilari.com\/en\/wp-json\/wp\/v2\/media?parent=465"}],"wp:term":[{"taxonomy":"product_brand","embeddable":true,"href":"http:\/\/www.protokolhalilari.com\/en\/wp-json\/wp\/v2\/product_brand?post=465"},{"taxonomy":"product_cat","embeddable":true,"href":"http:\/\/www.protokolhalilari.com\/en\/wp-json\/wp\/v2\/product_cat?post=465"},{"taxonomy":"product_tag","embeddable":true,"href":"http:\/\/www.protokolhalilari.com\/en\/wp-json\/wp\/v2\/product_tag?post=465"}],"curies":[{"name":"wp","href":"https:\/\/api.w.org\/{rel}","templated":true}]}}