{"id":409,"date":"2025-07-01T12:40:56","date_gmt":"2025-07-01T12:40:56","guid":{"rendered":"https:\/\/www.protokolhalilari.com\/?post_type=product&#038;p=409"},"modified":"2025-07-01T12:42:18","modified_gmt":"2025-07-01T12:42:18","slug":"associated-weavers-broadway-01-karo-hali","status":"publish","type":"product","link":"http:\/\/www.protokolhalilari.com\/en\/product\/associated-weavers-broadway-01-karo-hali\/","title":{"rendered":"Associated Weavers Broadway 01 Karo Hal\u0131"},"content":{"rendered":"<p><strong>\u00dcr\u00fcn Tan\u0131m\u0131:<\/strong> Tile Carpet<\/p>\n<p><strong>Dokuma Tekni\u011fi:<\/strong> Level Loop<\/p>\n<p><strong>\u0130plik Cinsi:<\/strong> %100 Polypropylen veya Polyamid (Solution Dyed)<\/p>\n<p><strong>Hav Y\u00fcksekli\u011fi:<\/strong> 3 mm \u2013 4 mm<\/p>\n<p><strong>Hav A\u011f\u0131rl\u0131\u011f\u0131:<\/strong> 542 \u2013 678 gr\/m\u00b2<\/p>\n<p><strong>Taban Se\u00e7enekleri:<\/strong> Bitumen veya Fiberglass PVC<\/p>\n<p><strong>\u00dcr\u00fcn Ebat\u0131:<\/strong> 50 x 50 cm<\/p>\n<h4>Teknik \u00d6zellikler<\/h4>\n<ul>\n<li><strong>Vettermann Testi:<\/strong> ISO TR 10361 \/ EN 1471 \u2013 Ge\u00e7erli<\/li>\n<li><strong>Termal \u0130zolasyon:<\/strong> ISO 8302 \u2013 0.10 m\u00b2 K\/W<\/li>\n<li><strong>\u00d6l\u00e7\u00fcsel Kararl\u0131l\u0131k:<\/strong> EN 986 \u2013 Ge\u00e7erli<\/li>\n<li><strong>Y\u00fcr\u00fcme Testi:<\/strong> EN 1815 \u2013 0.1 kV<\/li>\n<li><strong>Elektriksel Dayan\u0131kl\u0131l\u0131k (Yatay):<\/strong> ISO CD 10965 \u2013 4\u00d710\u2078 \u2126<\/li>\n<li><strong>Elektriksel Dayan\u0131kl\u0131l\u0131k (Dikey):<\/strong> ISO CD 10965 \u2013 6\u00d710\u00b9\u2070 \u2126<\/li>\n<li><strong>Statik Y\u00fckleme:<\/strong> Antistatik<\/li>\n<li><strong>Ate\u015fe Tepki Sertifikalar\u0131:<\/strong> EN ISO 11925-2, EN ISO 9239-1<\/li>\n<\/ul>","protected":false},"excerpt":{"rendered":"<p><strong>Level Loop Karo Hal\u0131<\/strong> \u2013 Modern ve dayan\u0131kl\u0131 zemin kaplamas\u0131!<\/p>\n<ul>\n<li>%100 Polypropylen veya Polyamid (Solution Dyed) iplik<\/li>\n<li>50&#215;50 cm karo ebat\u0131<\/li>\n<li>3-4 mm hav y\u00fcksekli\u011fi<\/li>\n<li>Bitumen veya Fiberglass PVC taban se\u00e7enekleri<\/li>\n<li>Antistatik, yo\u011fun kullan\u0131ma uygun<\/li>\n<\/ul>","protected":false},"featured_media":476,"comment_status":"open","ping_status":"closed","template":"","meta":{"saved_in_kubio":false},"product_brand":[],"product_cat":[62,63],"product_tag":[64,31,65,66,67,35,68,69,37,70],"class_list":{"0":"post-409","1":"product","2":"type-product","3":"status-publish","4":"has-post-thumbnail","6":"product_cat-associated-weavers-aegean-sea","7":"product_cat-karo-halilar","8":"product_tag-50x50-hali","9":"product_tag-antistatik-hali","10":"product_tag-bitumen-taban","11":"product_tag-karo-hali","12":"product_tag-level-loop","13":"product_tag-ofis-halisi","14":"product_tag-pvc-taban","15":"product_tag-solution-dyed","16":"product_tag-ticari-hali","17":"product_tag-yogun-trafik-halisi","19":"first","20":"instock","21":"featured","22":"shipping-taxable","23":"purchasable","24":"product-type-simple"},"aioseo_notices":[],"_links":{"self":[{"href":"http:\/\/www.protokolhalilari.com\/en\/wp-json\/wp\/v2\/product\/409","targetHints":{"allow":["GET"]}}],"collection":[{"href":"http:\/\/www.protokolhalilari.com\/en\/wp-json\/wp\/v2\/product"}],"about":[{"href":"http:\/\/www.protokolhalilari.com\/en\/wp-json\/wp\/v2\/types\/product"}],"replies":[{"embeddable":true,"href":"http:\/\/www.protokolhalilari.com\/en\/wp-json\/wp\/v2\/comments?post=409"}],"wp:featuredmedia":[{"embeddable":true,"href":"http:\/\/www.protokolhalilari.com\/en\/wp-json\/wp\/v2\/media\/476"}],"wp:attachment":[{"href":"http:\/\/www.protokolhalilari.com\/en\/wp-json\/wp\/v2\/media?parent=409"}],"wp:term":[{"taxonomy":"product_brand","embeddable":true,"href":"http:\/\/www.protokolhalilari.com\/en\/wp-json\/wp\/v2\/product_brand?post=409"},{"taxonomy":"product_cat","embeddable":true,"href":"http:\/\/www.protokolhalilari.com\/en\/wp-json\/wp\/v2\/product_cat?post=409"},{"taxonomy":"product_tag","embeddable":true,"href":"http:\/\/www.protokolhalilari.com\/en\/wp-json\/wp\/v2\/product_tag?post=409"}],"curies":[{"name":"wp","href":"https:\/\/api.w.org\/{rel}","templated":true}]}}