{"id":1048,"date":"2025-07-01T12:55:00","date_gmt":"2025-07-01T12:55:00","guid":{"rendered":"https:\/\/www.protokolhalilari.com\/?post_type=product&#038;p=1048"},"modified":"2025-07-01T12:55:19","modified_gmt":"2025-07-01T12:55:19","slug":"os-08-084-02-turuncu-otel-halisi","status":"publish","type":"product","link":"http:\/\/www.protokolhalilari.com\/en\/product\/os-08-084-02-turuncu-otel-halisi\/","title":{"rendered":"OS 08 084 &#8211; 02 Turuncu Otel Hal\u0131s\u0131"},"content":{"rendered":"<p><strong>Otel Oda Hal\u0131s\u0131<\/strong>, yo\u011fun kullan\u0131ma uygun olarak \u00fcretilmi\u015f y\u00fcksek kaliteli bir <strong>kontrat hal\u0131s\u0131<\/strong>d\u0131r. \u00d6zellikle <strong>otel odalar\u0131, yurtlar, casino ve benzeri ticari alanlar<\/strong> i\u00e7in tasarlanm\u0131\u015ft\u0131r.<\/p>\n<ul>\n<li><strong>Hav ilmek yo\u011funlu\u011fu:<\/strong> 147.000\/m\u00b2<\/li>\n<li><strong>Hav malzemesi:<\/strong> %100 Polyamide (Solution Dyed 6)<\/li>\n<li><strong>Hav y\u00fcksekli\u011fi:<\/strong> 5,5 mm \u00b15% ile 6,5 mm \u00b15%<\/li>\n<li><strong>Toplam y\u00fckseklik:<\/strong> 8,5 mm \u2013 9,5 mm \u00b15%<\/li>\n<li><strong>Taban:<\/strong> Softex taban \u2013 sa\u011flam, esnek ve uzun \u00f6m\u00fcrl\u00fc<\/li>\n<li><strong>A\u011f\u0131rl\u0131k:<\/strong> 1600 gr\/m\u00b2 \u00b15%<\/li>\n<\/ul>\n<p>\u00dcr\u00fcn, <strong>antistatik<\/strong> \u00f6zellik ta\u015f\u0131r ve <strong>Vettermann a\u015f\u0131nma testi (ISO TR 10361 \/ EN 1471)<\/strong> dahil olmak \u00fczere bir\u00e7ok dayan\u0131kl\u0131l\u0131k testinden ge\u00e7mi\u015ftir. Ayr\u0131ca:<\/p>\n<ul>\n<li><strong>Termal izolasyon:<\/strong> ISO 8302 \u2013 0.10 m\u00b2 K\/W<\/li>\n<li><strong>Y\u00fcr\u00fcy\u00fc\u015f test sonucu:<\/strong> EN 1815 \u2013 0.1 kV<\/li>\n<li><strong>Elektriksel dayan\u0131m:<\/strong> Yatay: 4\u00d710\u2078 \u2126, Dikey: 6\u00d710\u00b9\u2070 \u2126<\/li>\n<li><strong>Ate\u015fe tepki sertifikalar\u0131:<\/strong> EN ISO 11925-2 &#038; EN ISO 9239-1<\/li>\n<\/ul>\n<p>Konforu, g\u00fcvenli\u011fi ve esteti\u011fi bir araya getiren bu hal\u0131 modeli, uzun \u00f6m\u00fcrl\u00fc performans\u0131 ve kolay bak\u0131m\u0131yla ticari alanlar\u0131n vazge\u00e7ilmezidir.<\/p>","protected":false},"excerpt":{"rendered":"<p><strong>Otel Oda Hal\u0131s\u0131<\/strong>, %100 polyamide yap\u0131s\u0131, y\u00fcksek ilmek yo\u011funlu\u011fu ve antistatik, ses-yal\u0131t\u0131ml\u0131 \u00f6zellikleriyle otel, yurt ve casino gibi ticari alanlara \u00f6zel geli\u015ftirilmi\u015f kontrat hal\u0131s\u0131d\u0131r.<\/p>","protected":false},"featured_media":1078,"comment_status":"open","ping_status":"closed","template":"","meta":{"saved_in_kubio":false},"product_brand":[],"product_cat":[353,180],"product_tag":[31,354,187,355,356,357,358,37,359,70,360],"class_list":{"0":"post-1048","1":"product","2":"type-product","3":"status-publish","4":"has-post-thumbnail","6":"product_cat-oda-halilar","7":"product_cat-otel-halilari","8":"product_tag-antistatik-hali","9":"product_tag-kontrat-halisi","10":"product_tag-otel-halisi","11":"product_tag-otel-oda-halisi","12":"product_tag-polyamide-hali","13":"product_tag-ses-yalitimli-hali","14":"product_tag-softex-taban-hali","15":"product_tag-ticari-hali","16":"product_tag-yangina-dayanikli-hali","17":"product_tag-yogun-trafik-halisi","18":"product_tag-yurt-halisi","20":"first","21":"instock","22":"featured","23":"shipping-taxable","24":"product-type-simple"},"aioseo_notices":[],"_links":{"self":[{"href":"http:\/\/www.protokolhalilari.com\/en\/wp-json\/wp\/v2\/product\/1048","targetHints":{"allow":["GET"]}}],"collection":[{"href":"http:\/\/www.protokolhalilari.com\/en\/wp-json\/wp\/v2\/product"}],"about":[{"href":"http:\/\/www.protokolhalilari.com\/en\/wp-json\/wp\/v2\/types\/product"}],"replies":[{"embeddable":true,"href":"http:\/\/www.protokolhalilari.com\/en\/wp-json\/wp\/v2\/comments?post=1048"}],"wp:featuredmedia":[{"embeddable":true,"href":"http:\/\/www.protokolhalilari.com\/en\/wp-json\/wp\/v2\/media\/1078"}],"wp:attachment":[{"href":"http:\/\/www.protokolhalilari.com\/en\/wp-json\/wp\/v2\/media?parent=1048"}],"wp:term":[{"taxonomy":"product_brand","embeddable":true,"href":"http:\/\/www.protokolhalilari.com\/en\/wp-json\/wp\/v2\/product_brand?post=1048"},{"taxonomy":"product_cat","embeddable":true,"href":"http:\/\/www.protokolhalilari.com\/en\/wp-json\/wp\/v2\/product_cat?post=1048"},{"taxonomy":"product_tag","embeddable":true,"href":"http:\/\/www.protokolhalilari.com\/en\/wp-json\/wp\/v2\/product_tag?post=1048"}],"curies":[{"name":"wp","href":"https:\/\/api.w.org\/{rel}","templated":true}]}}